{"id":2,"date":"2020-09-05T08:40:35","date_gmt":"2020-09-05T06:40:35","guid":{"rendered":"http:\/\/cremeblech.de\/?page_id=2"},"modified":"2025-05-01T18:10:56","modified_gmt":"2025-05-01T16:10:56","slug":"beispiel-seite","status":"publish","type":"page","link":"https:\/\/cremeblech.de\/","title":{"rendered":"Cr\u00e8me Blech in 4 S\u00e4tzen"},"content":{"rendered":"\n<p>Unser Blechbl\u00e4ser-Ensemble Cr\u00e8me Blech besteht aus sechs Musikern, die sich aus den unterschiedlichsten Territorien Deutschlands und ebenso unterschiedlichen Stilrichtungen zusammengefunden haben. \u00a0<br>Die Wurzeln reichen hierbei vom Jugend-Symphonieorchester \u00fcber universit\u00e4res Blechbl\u00e4serensemble, Bergmanns- und Dorfkapelle bis hin zu verschiedenen Posaunench\u00f6ren. <br>Herausforderung und Reiz stellen gleicherma\u00dfen die unterschiedliche Notation und die jeweils eigene Spielart dieser Gruppierungen dar. <br>So entgeht dem aufmerksamen Zuh\u00f6rer sicher nicht, dass bei Cr\u00e8me Blech mehrere musikalische Dialekte mitschwingen, die unseren ganz eigenen Charakter ausmachen.<\/p>\n","protected":false},"excerpt":{"rendered":"<p>Unser Blechbl\u00e4ser-Ensemble Cr\u00e8me Blech besteht aus sechs Musikern, die sich aus den unterschiedlichsten Territorien Deutschlands und ebenso unterschiedlichen Stilrichtungen zusammengefunden haben. \u00a0Die Wurzeln reichen hierbei vom Jugend-Symphonieorchester \u00fcber universit\u00e4res Blechbl\u00e4serensemble, Bergmanns- und Dorfkapelle bis hin zu verschiedenen Posaunench\u00f6ren. Herausforderung und Reiz stellen gleicherma\u00dfen die unterschiedliche Notation und die jeweils eigene Spielart dieser Gruppierungen dar. So &hellip; <\/p>\n<p class=\"link-more\"><a href=\"https:\/\/cremeblech.de\/\" class=\"more-link\"><span class=\"screen-reader-text\">\u201eCr\u00e8me Blech in 4 S\u00e4tzen\u201c <\/span>weiterlesen<\/a><\/p>\n","protected":false},"author":1,"featured_media":0,"parent":0,"menu_order":0,"comment_status":"closed","ping_status":"open","template":"","meta":{"footnotes":""},"class_list":["post-2","page","type-page","status-publish","hentry"],"_links":{"self":[{"href":"https:\/\/cremeblech.de\/index.php?rest_route=\/wp\/v2\/pages\/2","targetHints":{"allow":["GET"]}}],"collection":[{"href":"https:\/\/cremeblech.de\/index.php?rest_route=\/wp\/v2\/pages"}],"about":[{"href":"https:\/\/cremeblech.de\/index.php?rest_route=\/wp\/v2\/types\/page"}],"author":[{"embeddable":true,"href":"https:\/\/cremeblech.de\/index.php?rest_route=\/wp\/v2\/users\/1"}],"replies":[{"embeddable":true,"href":"https:\/\/cremeblech.de\/index.php?rest_route=%2Fwp%2Fv2%2Fcomments&post=2"}],"version-history":[{"count":12,"href":"https:\/\/cremeblech.de\/index.php?rest_route=\/wp\/v2\/pages\/2\/revisions"}],"predecessor-version":[{"id":413,"href":"https:\/\/cremeblech.de\/index.php?rest_route=\/wp\/v2\/pages\/2\/revisions\/413"}],"wp:attachment":[{"href":"https:\/\/cremeblech.de\/index.php?rest_route=%2Fwp%2Fv2%2Fmedia&parent=2"}],"curies":[{"name":"wp","href":"https:\/\/api.w.org\/{rel}","templated":true}]}}